{"id":762,"date":"2025-09-09T10:39:29","date_gmt":"2025-09-09T08:39:29","guid":{"rendered":"https:\/\/jasnezezmiana.pl\/?page_id=762"},"modified":"2026-01-19T13:04:41","modified_gmt":"2026-01-19T12:04:41","slug":"asystent-osobisty-osoby-z-niepelnosprawnoscia-dla-organizacji-pozarzadowych-edycja-2024","status":"publish","type":"page","link":"https:\/\/jasnezezmiana.pl\/index.php\/asystent-osobisty-osoby-z-niepelnosprawnoscia-dla-organizacji-pozarzadowych-edycja-2024\/","title":{"rendered":"\u201eAsystent osobisty osoby z niepe\u0142nosprawno\u015bci\u0105\u201d dla Organizacji Pozarz\u0105dowych \u00a0\u2013 edycja 2024"},"content":{"rendered":"\t\t<div data-elementor-type=\"wp-page\" data-elementor-id=\"762\" class=\"elementor elementor-762\">\n\t\t\t\t\t\t<section class=\"elementor-section elementor-top-section elementor-element elementor-element-c1797a2 elementor-section-boxed elementor-section-height-default elementor-section-height-default\" data-id=\"c1797a2\" data-element_type=\"section\">\n\t\t\t\t\t\t<div class=\"elementor-container elementor-column-gap-default\">\n\t\t\t\t\t<div class=\"elementor-column elementor-col-100 elementor-top-column elementor-element elementor-element-864129c\" data-id=\"864129c\" data-element_type=\"column\">\n\t\t\t<div class=\"elementor-widget-wrap elementor-element-populated\">\n\t\t\t\t\t\t<div class=\"elementor-element elementor-element-e03923f elementor-widget elementor-widget-text-editor\" data-id=\"e03923f\" data-element_type=\"widget\" data-widget_type=\"text-editor.default\">\n\t\t\t\t<div class=\"elementor-widget-container\">\n\t\t\t\t\t\t\t<p class=\"MsoNormal\" style=\"margin-bottom: 18pt; text-align: center; line-height: normal; background-image: initial; background-position: initial; background-size: initial; background-repeat: initial; background-attachment: initial; background-origin: initial; background-clip: initial;\" align=\"center\"><b><span style=\"font-size: 12.0pt; font-family: Roboto; mso-fareast-font-family: 'Times New Roman'; mso-bidi-font-family: 'Times New Roman'; color: black; mso-font-kerning: 0pt; mso-ligatures: none; mso-fareast-language: PL;\">Zadanie publiczne<\/span><\/b><\/p><p class=\"MsoNormal\" style=\"margin-bottom: 18pt; text-align: center; line-height: normal; background-image: initial; background-position: initial; background-size: initial; background-repeat: initial; background-attachment: initial; background-origin: initial; background-clip: initial;\" align=\"center\"><b><span style=\"font-size: 12.0pt; font-family: Roboto; mso-fareast-font-family: 'Times New Roman'; mso-bidi-font-family: 'Times New Roman'; color: black; mso-font-kerning: 0pt; mso-ligatures: none; mso-fareast-language: PL;\">\u201eAsystent osobisty osoby z niepe\u0142nosprawno\u015bci\u0105\u201d dla <br \/>Organizacji Pozarz\u0105dowych \u00a0\u2013 edycja 2024<\/span><\/b><\/p><p class=\"MsoNormal\" style=\"margin-bottom: 18pt; text-align: center; line-height: normal; background-image: initial; background-position: initial; background-size: initial; background-repeat: initial; background-attachment: initial; background-origin: initial; background-clip: initial;\" align=\"center\"><b><span style=\"font-size: 12.0pt; font-family: Roboto; mso-fareast-font-family: 'Times New Roman'; mso-bidi-font-family: 'Times New Roman'; color: black; mso-font-kerning: 0pt; mso-ligatures: none; mso-fareast-language: PL;\">\u00a0<\/span><\/b><\/p><p class=\"MsoNormal\" style=\"margin-bottom: 18pt; text-align: center; line-height: normal; background-image: initial; background-position: initial; background-size: initial; background-repeat: initial; background-attachment: initial; background-origin: initial; background-clip: initial;\" align=\"center\"><span style=\"font-size: 12.0pt; font-family: Roboto; mso-fareast-font-family: 'Times New Roman'; mso-bidi-font-family: 'Times New Roman'; color: black; mso-font-kerning: 0pt; mso-ligatures: none; mso-fareast-language: PL;\">Sp\u00f3\u0142dzielnia Socjalna \u201eJasne, \u017ce zmiana\u201d realizuje zadanie publiczne \u201eAsystent osobisty osoby z niepe\u0142nosprawno\u015bci\u0105\u201d dla Organizacji Pozarz\u0105dowych \u2013 edycja 2024 przy wsparciu Ministerstwa Rodziny, Pracy i Polityki Spo\u0142ecznej.<\/span><\/p><p class=\"MsoNormal\" style=\"margin-bottom: 18pt; text-align: center; line-height: normal; background-image: initial; background-position: initial; background-size: initial; background-repeat: initial; background-attachment: initial; background-origin: initial; background-clip: initial;\" align=\"center\"><span style=\"font-size: 12.0pt; font-family: Roboto; mso-fareast-font-family: 'Times New Roman'; mso-bidi-font-family: 'Times New Roman'; color: black; mso-font-kerning: 0pt; mso-ligatures: none; mso-fareast-language: PL;\">G\u0142\u00f3wnym celem Programu jest wprowadzenie us\u0142ugi asystencji osobistej, jako formy og\u00f3lnodost\u0119pnego wsparcia w wykonywaniu codziennych czynno\u015bci oraz funkcjonowaniu<\/span> <span style=\"font-size: 12.0pt; font-family: Roboto; mso-fareast-font-family: 'Times New Roman'; mso-bidi-font-family: 'Times New Roman'; color: black; mso-font-kerning: 0pt; mso-ligatures: none; mso-fareast-language: PL;\">w \u017cyciu spo\u0142ecznym, kt\u00f3rych adresatami s\u0105:<\/span><\/p><ul type=\"disc\"><li class=\"MsoNormal\" style=\"line-height: normal; background-image: initial; background-position: initial; background-size: initial; background-repeat: initial; background-attachment: initial; background-origin: initial; background-clip: initial;\"><span style=\"font-size: 12.0pt; font-family: Roboto; mso-fareast-font-family: 'Times New Roman'; mso-bidi-font-family: 'Times New Roman'; color: black; mso-font-kerning: 0pt; mso-ligatures: none; mso-fareast-language: PL;\">Dzieci do 16 roku \u017cycia z orzeczeniem o niepe\u0142nosprawno\u015bci \u0142\u0105cznie ze wskazaniami: konieczno\u015bci sta\u0142ej lub d\u0142ugotrwa\u0142ej opieki lub pomocy innej osoby w zwi\u0105zku<\/span> <span style=\"font-size: 12.0pt; font-family: Roboto; mso-fareast-font-family: 'Times New Roman'; mso-bidi-font-family: 'Times New Roman'; color: black; mso-font-kerning: 0pt; mso-ligatures: none; mso-fareast-language: PL;\">ze znacznie ograniczon\u0105 mo\u017cliwo\u015bci\u0105 samodzielnej egzystencji oraz konieczno\u015bci sta\u0142ego wsp\u00f3\u0142udzia\u0142u na co dzie\u0144 opiekuna dziecka w procesie jego leczenia, rehabilitacji i edukacji.<\/span><\/li><li class=\"MsoNormal\" style=\"line-height: normal; background-image: initial; background-position: initial; background-size: initial; background-repeat: initial; background-attachment: initial; background-origin: initial; background-clip: initial;\"><span style=\"font-size: 12.0pt; font-family: Roboto; mso-fareast-font-family: 'Times New Roman'; mso-bidi-font-family: 'Times New Roman'; color: black; mso-font-kerning: 0pt; mso-ligatures: none; mso-fareast-language: PL;\">Osoby niepe\u0142nosprawne posiadaj\u0105ce orzeczenie:<\/span><\/li><\/ul><ol start=\"1\" type=\"1\"><li class=\"MsoNormal\" style=\"line-height: normal; background-image: initial; background-position: initial; background-size: initial; background-repeat: initial; background-attachment: initial; background-origin: initial; background-clip: initial;\"><span style=\"font-size: 12.0pt; font-family: Roboto; mso-fareast-font-family: 'Times New Roman'; mso-bidi-font-family: 'Times New Roman'; color: black; mso-font-kerning: 0pt; mso-ligatures: none; mso-fareast-language: PL;\">O znacznym stopniu niepe\u0142nosprawno\u015bci albo<\/span><\/li><li class=\"MsoNormal\" style=\"line-height: normal; background-image: initial; background-position: initial; background-size: initial; background-repeat: initial; background-attachment: initial; background-origin: initial; background-clip: initial;\"><span style=\"font-size: 12.0pt; font-family: Roboto; mso-fareast-font-family: 'Times New Roman'; mso-bidi-font-family: 'Times New Roman'; color: black; mso-font-kerning: 0pt; mso-ligatures: none; mso-fareast-language: PL;\">O umiarkowanym stopniu niepe\u0142nosprawno\u015bci albo traktowane na r\u00f3wni<\/span><span style=\"font-size: 12.0pt; font-family: Roboto; mso-fareast-font-family: 'Times New Roman'; mso-bidi-font-family: 'Times New Roman'; mso-font-kerning: 0pt; mso-ligatures: none; mso-fareast-language: PL;\"><br \/><\/span><span style=\"font-size: 12.0pt; font-family: Roboto; mso-fareast-font-family: 'Times New Roman'; mso-bidi-font-family: 'Times New Roman'; color: black; mso-font-kerning: 0pt; mso-ligatures: none; mso-fareast-language: PL;\">z orzeczeniami wymienionymi w lit. a i b, zgodnie z art. 5 i art. 62 ustawy z dnia 27 sierpnia 1997 r. o rehabilitacji zawodowej i spo\u0142ecznej oraz zatrudnianiu os\u00f3b niepe\u0142nosprawnych<\/span><\/li><\/ol><p class=\"MsoNormal\" style=\"margin-bottom: 18pt; line-height: normal; background-image: initial; background-position: initial; background-size: initial; background-repeat: initial; background-attachment: initial; background-origin: initial; background-clip: initial;\"><span style=\"font-size: 12pt; font-family: Roboto;\">\u00a0<\/span><\/p><p class=\"MsoNormal\" style=\"margin-bottom: 18pt; text-align: center; line-height: normal; background-image: initial; background-position: initial; background-size: initial; background-repeat: initial; background-attachment: initial; background-origin: initial; background-clip: initial;\" align=\"center\"><span style=\"font-size: 12.0pt; font-family: Roboto; mso-fareast-font-family: 'Times New Roman'; mso-bidi-font-family: 'Times New Roman'; color: black; mso-font-kerning: 0pt; mso-ligatures: none; mso-fareast-language: PL;\">Us\u0142ugi b\u0119d\u0105 realizowane na terenie miasta Cz\u0119stochowa oraz miasta Przyr\u00f3w \u00a0przez wykwalifikowanych asystent\u00f3w, zgodnie z zapisami programu \u201eAsystent osobisty osoby z niepe\u0142nosprawno\u015bci\u0105\u201d dla Organizacji Pozarz\u0105dowych \u2013 edycja 2024.<\/span><\/p><p class=\"MsoNormal\" style=\"margin-bottom: 18pt; text-align: center; line-height: normal; background-image: initial; background-position: initial; background-size: initial; background-repeat: initial; background-attachment: initial; background-origin: initial; background-clip: initial;\" align=\"center\"><span style=\"font-size: 12.0pt; font-family: Roboto; mso-fareast-font-family: 'Times New Roman'; mso-bidi-font-family: 'Times New Roman'; color: black; mso-font-kerning: 0pt; mso-ligatures: none; mso-fareast-language: PL;\">Wsparciem obj\u0119tych zostanie oko\u0142o 70 os\u00f3b z niepe\u0142nosprawno\u015bci\u0105, w tym minimum 70% os\u00f3b z niepe\u0142nosprawno\u015bci\u0105 w stopniu znacznym oraz jedno dziecko do 16 roku \u017cycia<\/span> <span style=\"font-size: 12.0pt; font-family: Roboto; mso-fareast-font-family: 'Times New Roman'; mso-bidi-font-family: 'Times New Roman'; color: black; mso-font-kerning: 0pt; mso-ligatures: none; mso-fareast-language: PL;\">z orzeczeniem o niepe\u0142nosprawno\u015bci \u0142\u0105cznie ze wskazaniami: konieczno\u015bci sta\u0142ej lub d\u0142ugotrwa\u0142ej opieki lub pomocy innej osoby w zwi\u0105zku ze znacznie ograniczon\u0105 mo\u017cliwo\u015bci\u0105 samodzielnej egzystencji oraz konieczno\u015bci sta\u0142ego wsp\u00f3\u0142udzia\u0142u na co dzie\u0144 opiekuna dziecka w procesie jego leczenia, rehabilitacji i edukacji.<\/span><\/p><p class=\"MsoNormal\" style=\"margin-bottom: 18pt; text-align: center; line-height: normal; background-image: initial; background-position: initial; background-size: initial; background-repeat: initial; background-attachment: initial; background-origin: initial; background-clip: initial;\" align=\"center\"><span style=\"font-size: 12.0pt; font-family: Roboto; mso-fareast-font-family: 'Times New Roman'; mso-bidi-font-family: 'Times New Roman'; color: black; mso-font-kerning: 0pt; mso-ligatures: none; mso-fareast-language: PL;\">Zadanie realizowane b\u0119dzie od 01.02.2024 r. do 31.12.2024 r.\u00a0<\/span><\/p><p class=\"MsoNormal\" style=\"margin-bottom: 18pt; text-align: center; line-height: normal; background-image: initial; background-position: initial; background-size: initial; background-repeat: initial; background-attachment: initial; background-origin: initial; background-clip: initial;\" align=\"center\"><b><span style=\"font-size: 12.0pt; font-family: Roboto; mso-fareast-font-family: 'Times New Roman'; mso-bidi-font-family: 'Times New Roman'; color: black; mso-font-kerning: 0pt; mso-ligatures: none; mso-fareast-language: PL;\">Rekrutacja odbywa si\u0119 w biurze Sp\u00f3\u0142dzielni Socjalnej \u201eJasne, \u017ce zmiana\u201d przy ul. Nowowiejskiego 15, 42-217 Cz\u0119stochowa od 22.01.2024 r., w dni robocze \u00a0w godzinach od 7:30 do 15:30.<\/span><\/b><\/p><p class=\"MsoNormal\" style=\"margin-bottom: 18pt; text-align: center; line-height: normal; background-image: initial; background-position: initial; background-size: initial; background-repeat: initial; background-attachment: initial; background-origin: initial; background-clip: initial;\" align=\"center\"><b><span style=\"font-size: 12.0pt; font-family: Roboto; mso-fareast-font-family: 'Times New Roman'; mso-bidi-font-family: 'Times New Roman'; color: black; mso-font-kerning: 0pt; mso-ligatures: none; mso-fareast-language: PL;\">Tel. 519\u00a0729 134<\/span><\/b><\/p><p style=\"margin: 0cm 0cm 18pt; text-align: center; background-image: initial; background-position: initial; background-size: initial; background-repeat: initial; background-attachment: initial; background-origin: initial; background-clip: initial;\" align=\"center\"><strong><span style=\"font-family: Roboto; color: black;\">Suma wszystkich koszt\u00f3w realizacji zadania: 1 928\u00a0418,76 PLN<\/span><\/strong><\/p><p style=\"margin: 0cm 0cm 18pt; text-align: center; background-image: initial; background-position: initial; background-size: initial; background-repeat: initial; background-attachment: initial; background-origin: initial; background-clip: initial;\" align=\"center\"><strong><span style=\"font-family: Roboto; color: black;\">Dofinansowanie ze \u015brodk\u00f3w Funduszu Solidarno\u015bciowego: 1 888\u00a0418,76 \u00a0PLN<\/span><\/strong><\/p><p class=\"MsoNormal\" style=\"margin-bottom: 18pt; text-align: center; line-height: normal; background-image: initial; background-position: initial; background-size: initial; background-repeat: initial; background-attachment: initial; background-origin: initial; background-clip: initial;\" align=\"center\">\u00a0<\/p><p class=\"MsoNormal\" style=\"margin-bottom: 18pt; text-align: center; line-height: normal; background-image: initial; background-position: initial; background-size: initial; background-repeat: initial; background-attachment: initial; background-origin: initial; background-clip: initial;\" align=\"center\">\u00a0<\/p>\t\t\t\t\t\t<\/div>\n\t\t\t\t<\/div>\n\t\t\t\t\t<\/div>\n\t\t<\/div>\n\t\t\t\t\t<\/div>\n\t\t<\/section>\n\t\t\t\t<section class=\"elementor-section elementor-top-section elementor-element elementor-element-7e38ebd elementor-section-boxed elementor-section-height-default elementor-section-height-default\" data-id=\"7e38ebd\" data-element_type=\"section\">\n\t\t\t\t\t\t<div class=\"elementor-container elementor-column-gap-default\">\n\t\t\t\t\t<div class=\"elementor-column elementor-col-50 elementor-top-column elementor-element elementor-element-7da11c0\" data-id=\"7da11c0\" data-element_type=\"column\">\n\t\t\t<div class=\"elementor-widget-wrap elementor-element-populated\">\n\t\t\t\t\t\t<div class=\"elementor-element elementor-element-6236422 elementor-widget elementor-widget-heading\" data-id=\"6236422\" data-element_type=\"widget\" data-widget_type=\"heading.default\">\n\t\t\t\t<div class=\"elementor-widget-container\">\n\t\t\t<h4 class=\"elementor-heading-title elementor-size-default\"><a href=\"https:\/\/jasnezezmiana.pl\/wp-content\/uploads\/2024\/01\/Kata-zgloszenia.pdf\">Karta Zg\u0142oszenia (plik pdf - 199 KB)<\/a><\/h4>\t\t<\/div>\n\t\t\t\t<\/div>\n\t\t\t\t\t<\/div>\n\t\t<\/div>\n\t\t\t\t<div class=\"elementor-column elementor-col-50 elementor-top-column elementor-element elementor-element-72a4f70\" data-id=\"72a4f70\" data-element_type=\"column\">\n\t\t\t<div class=\"elementor-widget-wrap elementor-element-populated\">\n\t\t\t\t\t\t<div class=\"elementor-element elementor-element-c8d530d elementor-widget elementor-widget-heading\" data-id=\"c8d530d\" data-element_type=\"widget\" data-widget_type=\"heading.default\">\n\t\t\t\t<div class=\"elementor-widget-container\">\n\t\t\t<h4 class=\"elementor-heading-title elementor-size-default\"><a href=\"https:\/\/jasnezezmiana.pl\/wp-content\/uploads\/2024\/01\/Klauzula-Rodo.pdf\">Klauzula RODO (plik pdf - 152 KB<\/a><\/h4>\t\t<\/div>\n\t\t\t\t<\/div>\n\t\t\t\t\t<\/div>\n\t\t<\/div>\n\t\t\t\t\t<\/div>\n\t\t<\/section>\n\t\t\t\t<\/div>\n\t\t","protected":false},"excerpt":{"rendered":"<p>Zadanie publiczne \u201eAsystent osobisty osoby z niepe\u0142nosprawno\u015bci\u0105\u201d dla Organizacji Pozarz\u0105dowych \u00a0\u2013 edycja 2024 \u00a0 Sp\u00f3\u0142dzielnia Socjalna \u201eJasne, \u017ce zmiana\u201d realizuje zadanie publiczne \u201eAsystent osobisty osoby z niepe\u0142nosprawno\u015bci\u0105\u201d dla Organizacji Pozarz\u0105dowych \u2013 edycja 2024 przy wsparciu Ministerstwa Rodziny, Pracy i Polityki Spo\u0142ecznej. G\u0142\u00f3wnym celem Programu jest wprowadzenie us\u0142ugi asystencji osobistej, jako formy og\u00f3lnodost\u0119pnego wsparcia w wykonywaniu &hellip; <\/p>\n<p class=\"link-more\"><a href=\"https:\/\/jasnezezmiana.pl\/index.php\/asystent-osobisty-osoby-z-niepelnosprawnoscia-dla-organizacji-pozarzadowych-edycja-2024\/\" class=\"more-link\">Czytaj dalej<span class=\"screen-reader-text\"> \u201eAsystent osobisty osoby z niepe\u0142nosprawno\u015bci\u0105\u201d dla Organizacji Pozarz\u0105dowych \u00a0\u2013 edycja 2024<\/span><\/a><\/p>\n","protected":false},"author":1,"featured_media":0,"parent":0,"menu_order":0,"comment_status":"closed","ping_status":"closed","template":"","meta":{"footnotes":""},"_links":{"self":[{"href":"https:\/\/jasnezezmiana.pl\/index.php\/wp-json\/wp\/v2\/pages\/762"}],"collection":[{"href":"https:\/\/jasnezezmiana.pl\/index.php\/wp-json\/wp\/v2\/pages"}],"about":[{"href":"https:\/\/jasnezezmiana.pl\/index.php\/wp-json\/wp\/v2\/types\/page"}],"author":[{"embeddable":true,"href":"https:\/\/jasnezezmiana.pl\/index.php\/wp-json\/wp\/v2\/users\/1"}],"replies":[{"embeddable":true,"href":"https:\/\/jasnezezmiana.pl\/index.php\/wp-json\/wp\/v2\/comments?post=762"}],"version-history":[{"count":32,"href":"https:\/\/jasnezezmiana.pl\/index.php\/wp-json\/wp\/v2\/pages\/762\/revisions"}],"predecessor-version":[{"id":1027,"href":"https:\/\/jasnezezmiana.pl\/index.php\/wp-json\/wp\/v2\/pages\/762\/revisions\/1027"}],"wp:attachment":[{"href":"https:\/\/jasnezezmiana.pl\/index.php\/wp-json\/wp\/v2\/media?parent=762"}],"curies":[{"name":"wp","href":"https:\/\/api.w.org\/{rel}","templated":true}]}}