{"id":288,"date":"2023-05-11T13:20:04","date_gmt":"2023-05-11T11:20:04","guid":{"rendered":"http:\/\/jasnezezmiana.pl\/?page_id=288"},"modified":"2025-10-01T10:38:57","modified_gmt":"2025-10-01T08:38:57","slug":"asystent-osobisty-osoby-z-niepelnosprawnosciami-edycja-2023","status":"publish","type":"page","link":"https:\/\/jasnezezmiana.pl\/index.php\/asystent-osobisty-osoby-z-niepelnosprawnosciami-edycja-2023\/","title":{"rendered":"Asystent osobisty osoby z niepe\u0142nosprawno\u015bciami \u2013 edycja 2023"},"content":{"rendered":"\t\t<div data-elementor-type=\"wp-post\" data-elementor-id=\"288\" class=\"elementor elementor-288\">\n\t\t\t\t\t\t<section class=\"elementor-section elementor-top-section elementor-element elementor-element-469393c0 elementor-section-boxed elementor-section-height-default elementor-section-height-default\" data-id=\"469393c0\" data-element_type=\"section\">\n\t\t\t\t\t\t<div class=\"elementor-container elementor-column-gap-default\">\n\t\t\t\t\t<div class=\"elementor-column elementor-col-100 elementor-top-column elementor-element elementor-element-329bf0ee\" data-id=\"329bf0ee\" data-element_type=\"column\">\n\t\t\t<div class=\"elementor-widget-wrap elementor-element-populated\">\n\t\t\t\t\t\t<div class=\"elementor-element elementor-element-6be1facb elementor-widget elementor-widget-text-editor\" data-id=\"6be1facb\" data-element_type=\"widget\" data-widget_type=\"text-editor.default\">\n\t\t\t\t<div class=\"elementor-widget-container\">\n\t\t\t\t\t\t\t<p style=\"text-align: center;\"><span style=\"color: #000000;\"><strong>\u00a0Zadanie publiczne<\/strong><\/span><\/p><p style=\"text-align: center;\"><span style=\"color: #000000;\"><strong>\u201eAsystent osobisty osoby z niepe\u0142nosprawno\u015bciami \u2013 edycja 2023\u201d<\/strong><\/span><\/p><p style=\"text-align: center;\"><span style=\"color: #000000;\"><strong>\u00a0<\/strong><\/span><\/p><p style=\"text-align: center;\"><span style=\"color: #000000;\">Sp\u00f3\u0142dzielnia Socjalna \u201eJasne, \u017ce zmiana\u201d realizuje zadanie publiczne \u201eAsystent osobisty osoby z niepe\u0142nosprawno\u015bciami \u2013 edycja 2023\u201d przy wsparciu Ministerstwa Rodziny i Polityki Spo\u0142ecznej.<\/span><\/p><p style=\"text-align: center;\"><span style=\"color: #000000;\">G\u0142\u00f3wnym celem Programu jest wprowadzenie us\u0142ugi asystencji osobistej, jako formy og\u00f3lnodost\u0119pnego wsparcia w wykonywaniu codziennych czynno\u015bci oraz funkcjonowaniu <\/span><br \/><span style=\"color: #000000;\">w \u017cyciu spo\u0142ecznym, kt\u00f3rych adresatami s\u0105:<\/span><\/p><ul style=\"text-align: center;\"><li style=\"text-align: left;\"><span style=\"color: #000000;\">Dzieci do 16 roku \u017cycia z orzeczeniem o niepe\u0142nosprawno\u015bci \u0142\u0105cznie ze wskazaniami: konieczno\u015bci sta\u0142ej lub d\u0142ugotrwa\u0142ej opieki lub pomocy innej osoby w zwi\u0105zku <\/span><br \/><span style=\"color: #000000;\">ze znacznie ograniczon\u0105 mo\u017cliwo\u015bci\u0105 samodzielnej egzystencji oraz konieczno\u015bci sta\u0142ego wsp\u00f3\u0142udzia\u0142u na co dzie\u0144 opiekuna dziecka w procesie jego leczenia, rehabilitacji i edukacji.<\/span><\/li><li style=\"text-align: left;\"><span style=\"color: #000000;\">Osoby niepe\u0142nosprawne posiadaj\u0105ce orzeczenie:<\/span><\/li><\/ul><ol style=\"text-align: left;\"><li><span style=\"color: #000000;\">O znacznym stopniu niepe\u0142nosprawno\u015bci albo<\/span><\/li><li><span style=\"color: #000000;\">O umiarkowanym stopniu niepe\u0142nosprawno\u015bci albo traktowane na r\u00f3wni <\/span><br \/><span style=\"color: #000000;\">z orzeczeniami wymienionymi w lit. a i b, zgodnie z art. 5 i art. 62 ustawy z dnia 27 sierpnia 1997 r. o rehabilitacji zawodowej i spo\u0142ecznej oraz zatrudnianiu os\u00f3b niepe\u0142nosprawnych<\/span><\/li><\/ol><p style=\"text-align: left;\">\u00a0<\/p><p style=\"text-align: center;\"><span style=\"color: #000000;\">Us\u0142ugi b\u0119d\u0105 realizowane na terenie gminy miasta Cz\u0119stochowa przez wykwalifikowanych asystent\u00f3w, zgodnie z zapisami programu \u201eAsystent osobisty osoby z niepe\u0142nosprawno\u015bciami \u2013 edycja 2023\u201d.<\/span><\/p><p style=\"text-align: center;\"><span style=\"color: #000000;\">Wsparciem obj\u0119tych zostanie co najmniej 28 os\u00f3b z niepe\u0142nosprawno\u015bci\u0105, w tym minimum 70% os\u00f3b z niepe\u0142nosprawno\u015bci\u0105 w stopniu znacznym oraz jedno dziecko do 16 roku \u017cycia <\/span><br \/><span style=\"color: #000000;\">z orzeczeniem o niepe\u0142nosprawno\u015bci \u0142\u0105cznie ze wskazaniami: konieczno\u015bci sta\u0142ej lub d\u0142ugotrwa\u0142ej opieki lub pomocy innej osoby w zwi\u0105zku ze znacznie ograniczon\u0105 mo\u017cliwo\u015bci\u0105 samodzielnej egzystencji oraz konieczno\u015bci sta\u0142ego wsp\u00f3\u0142udzia\u0142u na co dzie\u0144 opiekuna dziecka w procesie jego leczenia, rehabilitacji i edukacji.<\/span><\/p><p style=\"text-align: center;\"><span style=\"color: #000000;\">Zadanie realizowane b\u0119dzie od 22.05.2023 r. do 31.12.2023 r.\u00a0<\/span><\/p><p style=\"text-align: center;\"><span style=\"color: #000000;\">Rekrutacja odbywa si\u0119 w biurze Sp\u00f3\u0142dzielni Socjalnej \u201eJasne, \u017ce zmiana\u201d od 11.05.2023 r., w dni robocze, w godzinach od 7:30 do 15:30.<\/span><\/p><p style=\"text-align: center;\">\u00a0<\/p><p style=\"text-align: center;\"><span style=\"color: #000000;\"><strong>Suma wszystkich koszt\u00f3w realizacji zadania: 898\u00a0575,30 PLN <\/strong><\/span><\/p><p style=\"text-align: center;\"><span style=\"color: #000000;\"><strong>Dofinansowanie ze \u015brodk\u00f3w Funduszu Solidarno\u015bciowego: 876\u00a0075,30 PLN <\/strong><\/span><\/p><p style=\"text-align: center;\"><span style=\"color: #000000;\"><strong>\u00a0<\/strong><\/span><\/p><p style=\"text-align: center;\"><strong><span style=\"color: #000000;\">Sp\u00f3\u0142dzielnia Socjalna \u201eJasne, \u017ce zmiana\u201d<\/span> <\/strong><\/p><p style=\"text-align: center;\">\u00a0<\/p>\t\t\t\t\t\t<\/div>\n\t\t\t\t<\/div>\n\t\t\t\t\t<\/div>\n\t\t<\/div>\n\t\t\t\t\t<\/div>\n\t\t<\/section>\n\t\t\t\t<section class=\"elementor-section elementor-top-section elementor-element elementor-element-6b64874 elementor-section-boxed elementor-section-height-default elementor-section-height-default\" data-id=\"6b64874\" data-element_type=\"section\">\n\t\t\t\t\t\t<div class=\"elementor-container elementor-column-gap-default\">\n\t\t\t\t\t<div class=\"elementor-column elementor-col-100 elementor-top-column elementor-element elementor-element-94bc521\" data-id=\"94bc521\" data-element_type=\"column\">\n\t\t\t<div class=\"elementor-widget-wrap elementor-element-populated\">\n\t\t\t\t\t\t<div class=\"elementor-element elementor-element-2dc7e3b elementor-widget elementor-widget-text-editor\" data-id=\"2dc7e3b\" data-element_type=\"widget\" data-widget_type=\"text-editor.default\">\n\t\t\t\t<div class=\"elementor-widget-container\">\n\t\t\t\t\t\t\t<p><strong>PLIKI DO POBRANIA<\/strong><\/p><p><a href=\"https:\/\/jasnezezmiana.pl\/wp-content\/uploads\/2023\/05\/Zalacznik-nr-2.docx\">Karta zg\u0142oszenia do programu (plik docx &#8211; 40 KB)<\/a><\/p><p><a href=\"https:\/\/jasnezezmiana.pl\/wp-content\/uploads\/2023\/05\/Zalacznik-nr-2.pdf\">Karta zg\u0142oszenia do programu (plik pdf &#8211;\u00a0189 KB)<\/a><\/p><p><a href=\"https:\/\/jasnezezmiana.pl\/wp-content\/uploads\/2023\/05\/Zalacznik-nr-3.docx\">O\u015bwiadczenie uczestnika projektu (plik docx &#8211; 14 KB)<\/a><\/p><p><a href=\"https:\/\/jasnezezmiana.pl\/wp-content\/uploads\/2023\/05\/Zalacznik-nr-3.pdf\">O\u015bwiadczenie uczestnika projektu (plik pdf &#8211;\u00a0100 KB)<\/a><\/p>\t\t\t\t\t\t<\/div>\n\t\t\t\t<\/div>\n\t\t\t\t\t<\/div>\n\t\t<\/div>\n\t\t\t\t\t<\/div>\n\t\t<\/section>\n\t\t\t\t<section class=\"elementor-section elementor-top-section elementor-element elementor-element-196cff4 elementor-section-boxed elementor-section-height-default elementor-section-height-default\" data-id=\"196cff4\" data-element_type=\"section\">\n\t\t\t\t\t\t<div class=\"elementor-container elementor-column-gap-default\">\n\t\t\t\t\t<div class=\"elementor-column elementor-col-100 elementor-top-column elementor-element elementor-element-40ff37f\" data-id=\"40ff37f\" data-element_type=\"column\">\n\t\t\t<div class=\"elementor-widget-wrap elementor-element-populated\">\n\t\t\t\t\t\t<div class=\"elementor-element elementor-element-4cbfd62 elementor-widget elementor-widget-text-editor\" data-id=\"4cbfd62\" data-element_type=\"widget\" data-widget_type=\"text-editor.default\">\n\t\t\t\t<div class=\"elementor-widget-container\">\n\t\t\t\t\t\t\t<p style=\"text-align: right;\">Opublikowano 10.05.2023<\/p>\t\t\t\t\t\t<\/div>\n\t\t\t\t<\/div>\n\t\t\t\t\t<\/div>\n\t\t<\/div>\n\t\t\t\t\t<\/div>\n\t\t<\/section>\n\t\t\t\t<\/div>\n\t\t","protected":false},"excerpt":{"rendered":"<p>\u00a0Zadanie publiczne \u201eAsystent osobisty osoby z niepe\u0142nosprawno\u015bciami \u2013 edycja 2023\u201d \u00a0 Sp\u00f3\u0142dzielnia Socjalna \u201eJasne, \u017ce zmiana\u201d realizuje zadanie publiczne \u201eAsystent osobisty osoby z niepe\u0142nosprawno\u015bciami \u2013 edycja 2023\u201d przy wsparciu Ministerstwa Rodziny i Polityki Spo\u0142ecznej. G\u0142\u00f3wnym celem Programu jest wprowadzenie us\u0142ugi asystencji osobistej, jako formy og\u00f3lnodost\u0119pnego wsparcia w wykonywaniu codziennych czynno\u015bci oraz funkcjonowaniu w \u017cyciu spo\u0142ecznym, &hellip; <\/p>\n<p class=\"link-more\"><a href=\"https:\/\/jasnezezmiana.pl\/index.php\/asystent-osobisty-osoby-z-niepelnosprawnosciami-edycja-2023\/\" class=\"more-link\">Czytaj dalej<span class=\"screen-reader-text\"> Asystent osobisty osoby z niepe\u0142nosprawno\u015bciami \u2013 edycja 2023<\/span><\/a><\/p>\n","protected":false},"author":1,"featured_media":0,"parent":0,"menu_order":0,"comment_status":"closed","ping_status":"closed","template":"","meta":{"footnotes":""},"_links":{"self":[{"href":"https:\/\/jasnezezmiana.pl\/index.php\/wp-json\/wp\/v2\/pages\/288"}],"collection":[{"href":"https:\/\/jasnezezmiana.pl\/index.php\/wp-json\/wp\/v2\/pages"}],"about":[{"href":"https:\/\/jasnezezmiana.pl\/index.php\/wp-json\/wp\/v2\/types\/page"}],"author":[{"embeddable":true,"href":"https:\/\/jasnezezmiana.pl\/index.php\/wp-json\/wp\/v2\/users\/1"}],"replies":[{"embeddable":true,"href":"https:\/\/jasnezezmiana.pl\/index.php\/wp-json\/wp\/v2\/comments?post=288"}],"version-history":[{"count":30,"href":"https:\/\/jasnezezmiana.pl\/index.php\/wp-json\/wp\/v2\/pages\/288\/revisions"}],"predecessor-version":[{"id":916,"href":"https:\/\/jasnezezmiana.pl\/index.php\/wp-json\/wp\/v2\/pages\/288\/revisions\/916"}],"wp:attachment":[{"href":"https:\/\/jasnezezmiana.pl\/index.php\/wp-json\/wp\/v2\/media?parent=288"}],"curies":[{"name":"wp","href":"https:\/\/api.w.org\/{rel}","templated":true}]}}