{"id":150,"date":"2021-10-27T17:57:03","date_gmt":"2021-10-27T15:57:03","guid":{"rendered":"http:\/\/jasnezezmiana.pl\/?page_id=150"},"modified":"2026-01-20T08:23:30","modified_gmt":"2026-01-20T07:23:30","slug":"uslugi-spoleczne","status":"publish","type":"page","link":"https:\/\/jasnezezmiana.pl\/index.php\/uslugi-spoleczne\/","title":{"rendered":"Us\u0142ugi Asystenckie"},"content":{"rendered":"\t\t<div data-elementor-type=\"wp-page\" data-elementor-id=\"150\" class=\"elementor elementor-150\">\n\t\t\t\t\t\t<section class=\"elementor-section elementor-top-section elementor-element elementor-element-d71f25e elementor-section-boxed elementor-section-height-default elementor-section-height-default\" data-id=\"d71f25e\" data-element_type=\"section\">\n\t\t\t\t\t\t<div class=\"elementor-container elementor-column-gap-default\">\n\t\t\t\t\t<div class=\"elementor-column elementor-col-100 elementor-top-column elementor-element elementor-element-8cce3a8\" data-id=\"8cce3a8\" data-element_type=\"column\">\n\t\t\t<div class=\"elementor-widget-wrap elementor-element-populated\">\n\t\t\t\t\t\t<div class=\"elementor-element elementor-element-ead0376 elementor-align-center elementor-widget elementor-widget-button\" data-id=\"ead0376\" data-element_type=\"widget\" data-widget_type=\"button.default\">\n\t\t\t\t<div class=\"elementor-widget-container\">\n\t\t\t\t\t<div class=\"elementor-button-wrapper\">\n\t\t\t<a class=\"elementor-button elementor-button-link elementor-size-xl\" href=\"https:\/\/jasnezezmiana.pl\/index.php\/asystent-osobisty-osoby-z-niepelnosprawnoscia-dla-organizacji-pozarzadowych-edycja-2026\/\">\n\t\t\t\t\t\t<span class=\"elementor-button-content-wrapper\">\n\t\t\t\t\t\t<span class=\"elementor-button-text\">\u201eAsystent osobisty osoby z niepe\u0142nosprawno\u015bci\u0105\u201d dla Organizacji Pozarz\u0105dowych  \u2013 edycja 2026<\/span>\n\t\t<\/span>\n\t\t\t\t\t<\/a>\n\t\t<\/div>\n\t\t\t\t<\/div>\n\t\t\t\t<\/div>\n\t\t\t\t<div class=\"elementor-element elementor-element-0c8012e elementor-align-center elementor-widget elementor-widget-button\" data-id=\"0c8012e\" data-element_type=\"widget\" data-widget_type=\"button.default\">\n\t\t\t\t<div class=\"elementor-widget-container\">\n\t\t\t\t\t<div class=\"elementor-button-wrapper\">\n\t\t\t<a class=\"elementor-button elementor-button-link elementor-size-xl\" href=\"https:\/\/jasnezezmiana.pl\/index.php\/jasne-ze-asystentura-od-01-09-2024-do-31-08-2026\/\">\n\t\t\t\t\t\t<span class=\"elementor-button-content-wrapper\">\n\t\t\t\t\t\t<span class=\"elementor-button-text\">\"Jasne, \u017ce asystentura\" od 01.09.2024 do 31.08.2026<\/span>\n\t\t<\/span>\n\t\t\t\t\t<\/a>\n\t\t<\/div>\n\t\t\t\t<\/div>\n\t\t\t\t<\/div>\n\t\t\t\t\t<\/div>\n\t\t<\/div>\n\t\t\t\t\t<\/div>\n\t\t<\/section>\n\t\t\t\t<\/div>\n\t\t","protected":false},"excerpt":{"rendered":"<p>\u201eAsystent osobisty osoby z niepe\u0142nosprawno\u015bci\u0105\u201d dla Organizacji Pozarz\u0105dowych \u2013 edycja 2026 &#8222;Jasne, \u017ce asystentura&#8221; od 01.09.2024 do 31.08.2026<\/p>\n","protected":false},"author":1,"featured_media":0,"parent":0,"menu_order":0,"comment_status":"closed","ping_status":"closed","template":"","meta":{"footnotes":""},"_links":{"self":[{"href":"https:\/\/jasnezezmiana.pl\/index.php\/wp-json\/wp\/v2\/pages\/150"}],"collection":[{"href":"https:\/\/jasnezezmiana.pl\/index.php\/wp-json\/wp\/v2\/pages"}],"about":[{"href":"https:\/\/jasnezezmiana.pl\/index.php\/wp-json\/wp\/v2\/types\/page"}],"author":[{"embeddable":true,"href":"https:\/\/jasnezezmiana.pl\/index.php\/wp-json\/wp\/v2\/users\/1"}],"replies":[{"embeddable":true,"href":"https:\/\/jasnezezmiana.pl\/index.php\/wp-json\/wp\/v2\/comments?post=150"}],"version-history":[{"count":26,"href":"https:\/\/jasnezezmiana.pl\/index.php\/wp-json\/wp\/v2\/pages\/150\/revisions"}],"predecessor-version":[{"id":1077,"href":"https:\/\/jasnezezmiana.pl\/index.php\/wp-json\/wp\/v2\/pages\/150\/revisions\/1077"}],"wp:attachment":[{"href":"https:\/\/jasnezezmiana.pl\/index.php\/wp-json\/wp\/v2\/media?parent=150"}],"curies":[{"name":"wp","href":"https:\/\/api.w.org\/{rel}","templated":true}]}}