{"id":139,"date":"2021-10-27T16:54:13","date_gmt":"2021-10-27T14:54:13","guid":{"rendered":"http:\/\/jasnezezmiana.pl\/?page_id=139"},"modified":"2026-01-19T13:19:48","modified_gmt":"2026-01-19T12:19:48","slug":"projekty","status":"publish","type":"page","link":"https:\/\/jasnezezmiana.pl\/index.php\/projekty\/","title":{"rendered":"Projekty archiwalne"},"content":{"rendered":"\t\t<div data-elementor-type=\"wp-page\" data-elementor-id=\"139\" class=\"elementor elementor-139\">\n\t\t\t\t\t\t<section class=\"elementor-section elementor-top-section elementor-element elementor-element-13fa322 elementor-section-boxed elementor-section-height-default elementor-section-height-default\" data-id=\"13fa322\" data-element_type=\"section\">\n\t\t\t\t\t\t<div class=\"elementor-container elementor-column-gap-default\">\n\t\t\t\t\t<div class=\"elementor-column elementor-col-100 elementor-top-column elementor-element elementor-element-c6145a2\" data-id=\"c6145a2\" data-element_type=\"column\">\n\t\t\t<div class=\"elementor-widget-wrap elementor-element-populated\">\n\t\t\t\t\t\t<div class=\"elementor-element elementor-element-042c94e elementor-align-center elementor-widget elementor-widget-button\" data-id=\"042c94e\" data-element_type=\"widget\" data-widget_type=\"button.default\">\n\t\t\t\t<div class=\"elementor-widget-container\">\n\t\t\t\t\t<div class=\"elementor-button-wrapper\">\n\t\t\t<a class=\"elementor-button elementor-button-link elementor-size-xl\" href=\"https:\/\/jasnezezmiana.pl\/index.php\/asystent-osobisty-osoby-z-niepelnosprawnoscia-dla-organizacji-pozarzadowych-edycja-2025\/\">\n\t\t\t\t\t\t<span class=\"elementor-button-content-wrapper\">\n\t\t\t\t\t\t<span class=\"elementor-button-text\">\"Asystent osobisty osoby z niepe\u0142nosprawno\u015bci\u0105\u201d dla Organizacji Pozarz\u0105dowych  \u2013 edycja 2025<\/span>\n\t\t<\/span>\n\t\t\t\t\t<\/a>\n\t\t<\/div>\n\t\t\t\t<\/div>\n\t\t\t\t<\/div>\n\t\t\t\t<div class=\"elementor-element elementor-element-19cd0b1 elementor-align-center elementor-widget elementor-widget-button\" data-id=\"19cd0b1\" data-element_type=\"widget\" data-widget_type=\"button.default\">\n\t\t\t\t<div class=\"elementor-widget-container\">\n\t\t\t\t\t<div class=\"elementor-button-wrapper\">\n\t\t\t<a class=\"elementor-button elementor-button-link elementor-size-xl\" href=\"https:\/\/jasnezezmiana.pl\/index.php\/asystent-osobisty-osoby-z-niepelnosprawnoscia-dla-organizacji-pozarzadowych-edycja-2024\/\">\n\t\t\t\t\t\t<span class=\"elementor-button-content-wrapper\">\n\t\t\t\t\t\t<span class=\"elementor-button-text\">\"Asystent osobisty osoby z niepe\u0142nosprawno\u015bci\u0105\u201d dla Organizacji Pozarz\u0105dowych  \u2013 edycja 2024<\/span>\n\t\t<\/span>\n\t\t\t\t\t<\/a>\n\t\t<\/div>\n\t\t\t\t<\/div>\n\t\t\t\t<\/div>\n\t\t\t\t<div class=\"elementor-element elementor-element-72b574b elementor-align-center elementor-widget elementor-widget-button\" data-id=\"72b574b\" data-element_type=\"widget\" data-widget_type=\"button.default\">\n\t\t\t\t<div class=\"elementor-widget-container\">\n\t\t\t\t\t<div class=\"elementor-button-wrapper\">\n\t\t\t<a class=\"elementor-button elementor-button-link elementor-size-xl\" href=\"https:\/\/jasnezezmiana.pl\/index.php\/asystent-osobisty-osoby-z-niepelnosprawnosciami-edycja-2023\/\">\n\t\t\t\t\t\t<span class=\"elementor-button-content-wrapper\">\n\t\t\t\t\t\t<span class=\"elementor-button-text\">Asystent osobisty osoby z niepe\u0142nosprawno\u015bciami \u2013 edycja 2023<\/span>\n\t\t<\/span>\n\t\t\t\t\t<\/a>\n\t\t<\/div>\n\t\t\t\t<\/div>\n\t\t\t\t<\/div>\n\t\t\t\t<div class=\"elementor-element elementor-element-a22c0e1 elementor-align-center elementor-widget elementor-widget-button\" data-id=\"a22c0e1\" data-element_type=\"widget\" data-widget_type=\"button.default\">\n\t\t\t\t<div class=\"elementor-widget-container\">\n\t\t\t\t\t<div class=\"elementor-button-wrapper\">\n\t\t\t<a class=\"elementor-button elementor-button-link elementor-size-xl\" href=\"https:\/\/jasnezezmiana.pl\/index.php\/program-asystent-osobisty-osoby-niepelnosprawnej-edycja-2021-czestochowa\/\">\n\t\t\t\t\t\t<span class=\"elementor-button-content-wrapper\">\n\t\t\t\t\t\t<span class=\"elementor-button-text\">Program \u201eAsystent osobisty osoby niepe\u0142nosprawnej\u201d- edycja 2021 Cz\u0119stochowa<\/span>\n\t\t<\/span>\n\t\t\t\t\t<\/a>\n\t\t<\/div>\n\t\t\t\t<\/div>\n\t\t\t\t<\/div>\n\t\t\t\t<div class=\"elementor-element elementor-element-c453299 elementor-align-center elementor-widget elementor-widget-button\" data-id=\"c453299\" data-element_type=\"widget\" data-widget_type=\"button.default\">\n\t\t\t\t<div class=\"elementor-widget-container\">\n\t\t\t\t\t<div class=\"elementor-button-wrapper\">\n\t\t\t<a class=\"elementor-button elementor-button-link elementor-size-xl\" href=\"https:\/\/jasnezezmiana.pl\/index.php\/program-asystent-osobisty-osoby-niepelnosprawnej-edycja-2021-dabrowa-gornicza\/\">\n\t\t\t\t\t\t<span class=\"elementor-button-content-wrapper\">\n\t\t\t\t\t\t<span class=\"elementor-button-text\">Program \u201eAsystent osobisty osoby niepe\u0142nosprawnej\u201d- edycja 2021 D\u0105browa G\u00f3rnicza<\/span>\n\t\t<\/span>\n\t\t\t\t\t<\/a>\n\t\t<\/div>\n\t\t\t\t<\/div>\n\t\t\t\t<\/div>\n\t\t\t\t<div class=\"elementor-element elementor-element-b3f3230 elementor-align-center elementor-widget elementor-widget-button\" data-id=\"b3f3230\" data-element_type=\"widget\" data-widget_type=\"button.default\">\n\t\t\t\t<div class=\"elementor-widget-container\">\n\t\t\t\t\t<div class=\"elementor-button-wrapper\">\n\t\t\t<a class=\"elementor-button elementor-button-link elementor-size-xl\" href=\"https:\/\/jasnezezmiana.pl\/index.php\/jasne-ze-pomagam\/\">\n\t\t\t\t\t\t<span class=\"elementor-button-content-wrapper\">\n\t\t\t\t\t\t<span class=\"elementor-button-text\">\u201eJasne, \u017ce pomagam. Profesjonalna pomoc asystencka\u201d<\/span>\n\t\t<\/span>\n\t\t\t\t\t<\/a>\n\t\t<\/div>\n\t\t\t\t<\/div>\n\t\t\t\t<\/div>\n\t\t\t\t<div class=\"elementor-element elementor-element-46ec554 elementor-align-center elementor-widget elementor-widget-button\" data-id=\"46ec554\" data-element_type=\"widget\" data-widget_type=\"button.default\">\n\t\t\t\t<div class=\"elementor-widget-container\">\n\t\t\t\t\t<div class=\"elementor-button-wrapper\">\n\t\t\t<a class=\"elementor-button elementor-button-link elementor-size-xl\" href=\"https:\/\/jasnezezmiana.pl\/index.php\/projekt-plaster-projekt-ponadnarodowy\/\">\n\t\t\t\t\t\t<span class=\"elementor-button-content-wrapper\">\n\t\t\t\t\t\t<span class=\"elementor-button-text\">\u201eProjekt Plaster \u2013 projekt ponadnarodowy\u201d<\/span>\n\t\t<\/span>\n\t\t\t\t\t<\/a>\n\t\t<\/div>\n\t\t\t\t<\/div>\n\t\t\t\t<\/div>\n\t\t\t\t\t<\/div>\n\t\t<\/div>\n\t\t\t\t\t<\/div>\n\t\t<\/section>\n\t\t\t\t<\/div>\n\t\t","protected":false},"excerpt":{"rendered":"<p>&#8222;Asystent osobisty osoby z niepe\u0142nosprawno\u015bci\u0105\u201d dla Organizacji Pozarz\u0105dowych \u2013 edycja 2025 &#8222;Asystent osobisty osoby z niepe\u0142nosprawno\u015bci\u0105\u201d dla Organizacji Pozarz\u0105dowych \u2013 edycja 2024 Asystent osobisty osoby z niepe\u0142nosprawno\u015bciami \u2013 edycja 2023 Program \u201eAsystent osobisty osoby niepe\u0142nosprawnej\u201d- edycja 2021 Cz\u0119stochowa Program \u201eAsystent osobisty osoby niepe\u0142nosprawnej\u201d- edycja 2021 D\u0105browa G\u00f3rnicza \u201eJasne, \u017ce pomagam. Profesjonalna pomoc asystencka\u201d \u201eProjekt Plaster &hellip; <\/p>\n<p class=\"link-more\"><a href=\"https:\/\/jasnezezmiana.pl\/index.php\/projekty\/\" class=\"more-link\">Czytaj dalej<span class=\"screen-reader-text\"> Projekty archiwalne<\/span><\/a><\/p>\n","protected":false},"author":1,"featured_media":0,"parent":0,"menu_order":0,"comment_status":"closed","ping_status":"closed","template":"","meta":{"footnotes":""},"_links":{"self":[{"href":"https:\/\/jasnezezmiana.pl\/index.php\/wp-json\/wp\/v2\/pages\/139"}],"collection":[{"href":"https:\/\/jasnezezmiana.pl\/index.php\/wp-json\/wp\/v2\/pages"}],"about":[{"href":"https:\/\/jasnezezmiana.pl\/index.php\/wp-json\/wp\/v2\/types\/page"}],"author":[{"embeddable":true,"href":"https:\/\/jasnezezmiana.pl\/index.php\/wp-json\/wp\/v2\/users\/1"}],"replies":[{"embeddable":true,"href":"https:\/\/jasnezezmiana.pl\/index.php\/wp-json\/wp\/v2\/comments?post=139"}],"version-history":[{"count":32,"href":"https:\/\/jasnezezmiana.pl\/index.php\/wp-json\/wp\/v2\/pages\/139\/revisions"}],"predecessor-version":[{"id":1040,"href":"https:\/\/jasnezezmiana.pl\/index.php\/wp-json\/wp\/v2\/pages\/139\/revisions\/1040"}],"wp:attachment":[{"href":"https:\/\/jasnezezmiana.pl\/index.php\/wp-json\/wp\/v2\/media?parent=139"}],"curies":[{"name":"wp","href":"https:\/\/api.w.org\/{rel}","templated":true}]}}