{"id":1028,"date":"2026-01-19T13:05:03","date_gmt":"2026-01-19T12:05:03","guid":{"rendered":"https:\/\/jasnezezmiana.pl\/?page_id=1028"},"modified":"2026-01-20T08:24:11","modified_gmt":"2026-01-20T07:24:11","slug":"asystent-osobisty-osoby-z-niepelnosprawnoscia-dla-organizacji-pozarzadowych-edycja-2025","status":"publish","type":"page","link":"https:\/\/jasnezezmiana.pl\/index.php\/asystent-osobisty-osoby-z-niepelnosprawnoscia-dla-organizacji-pozarzadowych-edycja-2025\/","title":{"rendered":"\u201eAsystent osobisty osoby z niepe\u0142nosprawno\u015bci\u0105\u201d dla Organizacji Pozarz\u0105dowych \u00a0\u2013 edycja 2025"},"content":{"rendered":"\t\t<div data-elementor-type=\"wp-page\" data-elementor-id=\"1028\" class=\"elementor elementor-1028\">\n\t\t\t\t\t\t<section class=\"elementor-section elementor-top-section elementor-element elementor-element-afd28b6 elementor-section-boxed elementor-section-height-default elementor-section-height-default\" data-id=\"afd28b6\" data-element_type=\"section\">\n\t\t\t\t\t\t<div class=\"elementor-container elementor-column-gap-default\">\n\t\t\t\t\t<div class=\"elementor-column elementor-col-100 elementor-top-column elementor-element elementor-element-a068244\" data-id=\"a068244\" data-element_type=\"column\">\n\t\t\t<div class=\"elementor-widget-wrap elementor-element-populated\">\n\t\t\t\t\t\t<div class=\"elementor-element elementor-element-3a7b5ae elementor-widget elementor-widget-text-editor\" data-id=\"3a7b5ae\" data-element_type=\"widget\" data-widget_type=\"text-editor.default\">\n\t\t\t\t<div class=\"elementor-widget-container\">\n\t\t\t\t\t\t\t<p class=\"MsoNormal\" style=\"margin-bottom: 18pt; background-image: initial; background-position: initial; background-size: initial; background-repeat: initial; background-attachment: initial; background-origin: initial; background-clip: initial; text-align: center; line-height: normal;\" align=\"center\"><span style=\"font-weight: bold;\"><span style=\"font-size: 12pt; font-family: Roboto; color: black;\">Zadanie publiczne<\/span><\/span><\/p>\n<p class=\"MsoNormal\" style=\"margin-bottom: 18pt; background-image: initial; background-position: initial; background-size: initial; background-repeat: initial; background-attachment: initial; background-origin: initial; background-clip: initial; text-align: center; line-height: normal;\" align=\"center\"><span style=\"font-weight: bold;\"><span style=\"font-size: 12pt; font-family: Roboto; color: black;\">\u201eAsystent osobisty osoby z niepe\u0142nosprawno\u015bci\u0105\u201d dla<br \/>Organizacji Pozarz\u0105dowych \u00a0\u2013 edycja 2025<\/span><\/span><\/p>\n<p class=\"MsoNormal\" style=\"margin-bottom: 18pt; background-image: initial; background-position: initial; background-size: initial; background-repeat: initial; background-attachment: initial; background-origin: initial; background-clip: initial; text-align: center; line-height: normal;\" align=\"center\"><span style=\"font-weight: bold;\"><span style=\"font-size: 12pt; font-family: Roboto; color: black;\">\u00a0<\/span><\/span><\/p>\n<p class=\"MsoNormal\" style=\"margin-bottom: 18pt; background-image: initial; background-position: initial; background-size: initial; background-repeat: initial; background-attachment: initial; background-origin: initial; background-clip: initial; text-align: center; line-height: normal;\" align=\"center\"><span style=\"font-size: 12pt; font-family: Roboto; color: black;\">Sp\u00f3\u0142dzielnia Socjalna \u201eJasne, \u017ce zmiana\u201d realizuje zadanie publiczne \u201eAsystent osobisty osoby z niepe\u0142nosprawno\u015bci\u0105\u201d dla Organizacji Pozarz\u0105dowych \u2013 edycja 2025 przy wsparciu Ministerstwa Rodziny, Pracy i Polityki Spo\u0142ecznej.<\/span><\/p>\n<p class=\"MsoNormal\" style=\"margin-bottom: 18pt; background-image: initial; background-position: initial; background-size: initial; background-repeat: initial; background-attachment: initial; background-origin: initial; background-clip: initial; text-align: center; line-height: normal;\" align=\"center\"><span style=\"font-size: 12pt; font-family: Roboto; color: black;\">G\u0142\u00f3wnym celem Programu jest wprowadzenie us\u0142ugi asystencji osobistej, jako formy og\u00f3lnodost\u0119pnego wsparcia w wykonywaniu codziennych czynno\u015bci oraz funkcjonowaniu<\/span>\u00a0<span style=\"font-size: 12pt; font-family: Roboto; color: black;\">w \u017cyciu spo\u0142ecznym, kt\u00f3rych adresatami s\u0105:<\/span><\/p>\n<ul type=\"disc\">\n<li class=\"MsoNormal\" style=\"margin: 0px 0px 0px 15px; line-height: normal; background-image: initial; background-position: initial; background-size: initial; background-repeat: initial; background-origin: initial; background-clip: initial;\"><span style=\"font-size: 12pt; font-family: Roboto; color: black;\">Dzieci do 16 roku \u017cycia z orzeczeniem o niepe\u0142nosprawno\u015bci \u0142\u0105cznie ze wskazaniami: konieczno\u015bci sta\u0142ej lub d\u0142ugotrwa\u0142ej opieki lub pomocy innej osoby w zwi\u0105zku<\/span>\u00a0<span style=\"font-size: 12pt; font-family: Roboto; color: black;\">ze znacznie ograniczon\u0105 mo\u017cliwo\u015bci\u0105 samodzielnej egzystencji oraz konieczno\u015bci sta\u0142ego wsp\u00f3\u0142udzia\u0142u na co dzie\u0144 opiekuna dziecka w procesie jego leczenia, rehabilitacji i edukacji.<\/span><\/li>\n<li class=\"MsoNormal\" style=\"margin: 0px 0px 0px 15px; line-height: normal; background-image: initial; background-position: initial; background-size: initial; background-repeat: initial; background-origin: initial; background-clip: initial;\"><span style=\"font-size: 12pt; font-family: Roboto; color: black;\">Osoby niepe\u0142nosprawne posiadaj\u0105ce orzeczenie:<\/span><\/li>\n<\/ul>\n<ol start=\"1\" type=\"1\">\n<li class=\"MsoNormal\" style=\"margin: 0px 0px 0px 15px; line-height: normal; background-image: initial; background-position: initial; background-size: initial; background-repeat: initial; background-origin: initial; background-clip: initial;\"><span style=\"font-size: 12pt; font-family: Roboto; color: black;\">O znacznym stopniu niepe\u0142nosprawno\u015bci albo<\/span><\/li>\n<li class=\"MsoNormal\" style=\"margin: 0px 0px 0px 15px; line-height: normal; background-image: initial; background-position: initial; background-size: initial; background-repeat: initial; background-origin: initial; background-clip: initial;\"><span style=\"font-size: 12pt; font-family: Roboto; color: black;\">O umiarkowanym stopniu niepe\u0142nosprawno\u015bci albo traktowane na r\u00f3wni<\/span><span style=\"font-size: 12pt; font-family: Roboto;\"><br \/><\/span><span style=\"font-size: 12pt; font-family: Roboto; color: black;\">z orzeczeniami wymienionymi w lit. a i b, zgodnie z art. 5 i art. 62 ustawy z dnia 27 sierpnia 1997 r. o rehabilitacji zawodowej i spo\u0142ecznej oraz zatrudnianiu os\u00f3b niepe\u0142nosprawnych<\/span><\/li>\n<\/ol>\n<p class=\"MsoNormal\" style=\"margin-bottom: 18pt; background-image: initial; background-position: initial; background-size: initial; background-repeat: initial; background-attachment: initial; background-origin: initial; background-clip: initial; line-height: normal;\"><span style=\"font-size: 12pt; font-family: Roboto;\">\u00a0<\/span><\/p>\n<p class=\"MsoNormal\" style=\"margin-bottom: 18pt; background-image: initial; background-position: initial; background-size: initial; background-repeat: initial; background-attachment: initial; background-origin: initial; background-clip: initial; text-align: center; line-height: normal;\" align=\"center\"><span style=\"font-size: 12pt; font-family: Roboto; color: black;\">Us\u0142ugi b\u0119d\u0105 realizowane na terenie miasta Cz\u0119stochowa oraz miasta Przyr\u00f3w \u00a0przez wykwalifikowanych asystent\u00f3w, zgodnie z zapisami programu \u201eAsystent osobisty osoby z niepe\u0142nosprawno\u015bci\u0105\u201d dla Organizacji Pozarz\u0105dowych \u2013 edycja 2025.<\/span><\/p>\n<p class=\"MsoNormal\" style=\"margin-bottom: 18pt; background-image: initial; background-position: initial; background-size: initial; background-repeat: initial; background-attachment: initial; background-origin: initial; background-clip: initial; text-align: center; line-height: normal;\" align=\"center\"><span style=\"font-size: 12pt; font-family: Roboto; color: black;\">Wsparciem obj\u0119tych zostanie oko\u0142o 80 os\u00f3b z niepe\u0142nosprawno\u015bci\u0105, w tym minimum 70% os\u00f3b z niepe\u0142nosprawno\u015bci\u0105 w stopniu znacznym oraz jedno dziecko do 16 roku \u017cycia<\/span>\u00a0<span style=\"font-size: 12pt; font-family: Roboto; color: black;\">z orzeczeniem o niepe\u0142nosprawno\u015bci \u0142\u0105cznie ze wskazaniami: konieczno\u015bci sta\u0142ej lub d\u0142ugotrwa\u0142ej opieki lub pomocy innej osoby w zwi\u0105zku ze znacznie ograniczon\u0105 mo\u017cliwo\u015bci\u0105 samodzielnej egzystencji oraz konieczno\u015bci sta\u0142ego wsp\u00f3\u0142udzia\u0142u na co dzie\u0144 opiekuna dziecka w procesie jego leczenia, rehabilitacji i edukacji.<\/span><\/p>\n<p class=\"MsoNormal\" style=\"margin-bottom: 18pt; background-image: initial; background-position: initial; background-size: initial; background-repeat: initial; background-attachment: initial; background-origin: initial; background-clip: initial; text-align: center; line-height: normal;\" align=\"center\"><span style=\"font-size: 12pt; font-family: Roboto; color: black;\">Zadanie realizowane b\u0119dzie od 01.01.2025 r. do 31.12.2025 r.\u00a0<\/span><\/p>\n<p class=\"MsoNormal\" style=\"margin-bottom: 18pt; background-image: initial; background-position: initial; background-size: initial; background-repeat: initial; background-attachment: initial; background-origin: initial; background-clip: initial; text-align: center; line-height: normal;\" align=\"center\"><em><span style=\"font-weight: bold;\"><span style=\"font-size: 12pt; font-family: Roboto; color: black;\">Rekrutacja odbywa si\u0119 w biurze Sp\u00f3\u0142dzielni Socjalnej \u201eJasne, \u017ce zmiana\u201d\u00a0 przy ul. Nowowiejskiego 15, 42-217 Cz\u0119stochowa od 02.01.2025 r., w dni robocze \u00a0w godzinach od 7:30 do 15:30.<\/span><\/span><\/em><\/p>\n<p class=\"MsoNormal\" style=\"margin-bottom: 18pt; background-image: initial; background-position: initial; background-size: initial; background-repeat: initial; background-attachment: initial; background-origin: initial; background-clip: initial; text-align: center; line-height: normal;\" align=\"center\"><span style=\"font-weight: bold;\"><span style=\"font-size: 12pt; font-family: Roboto; color: black;\">Tel. 519\u00a0729 134<\/span><\/span><\/p>\n<p style=\"margin: 0cm 0cm 18pt; background-image: initial; background-position: initial; background-size: initial; background-repeat: initial; background-attachment: initial; background-origin: initial; background-clip: initial; text-align: center;\" align=\"center\"><span style=\"font-weight: bold;\"><span style=\"font-family: Roboto; color: black;\">Suma wszystkich koszt\u00f3w realizacji zadania: 2 897 000,00 PLN<\/span><\/span><\/p>\n<p style=\"margin: 0cm 0cm 18pt; background-image: initial; background-position: initial; background-size: initial; background-repeat: initial; background-attachment: initial; background-origin: initial; background-clip: initial; text-align: center;\" align=\"center\"><span style=\"font-weight: bold;\"><span style=\"font-family: Roboto; color: black;\">Dofinansowanie ze \u015brodk\u00f3w Funduszu Solidarno\u015bciowego: 2 809 000,00\u00a0 PLN<\/span><\/span><\/p>\t\t\t\t\t\t<\/div>\n\t\t\t\t<\/div>\n\t\t\t\t\t<\/div>\n\t\t<\/div>\n\t\t\t\t\t<\/div>\n\t\t<\/section>\n\t\t\t\t<section class=\"elementor-section elementor-top-section elementor-element elementor-element-506b853 elementor-section-boxed elementor-section-height-default elementor-section-height-default\" data-id=\"506b853\" data-element_type=\"section\">\n\t\t\t\t\t\t<div class=\"elementor-container elementor-column-gap-default\">\n\t\t\t\t\t<div class=\"elementor-column elementor-col-50 elementor-top-column elementor-element elementor-element-7e28f16\" data-id=\"7e28f16\" data-element_type=\"column\">\n\t\t\t<div class=\"elementor-widget-wrap elementor-element-populated\">\n\t\t\t\t\t\t<div class=\"elementor-element elementor-element-c78bd6e elementor-widget elementor-widget-heading\" data-id=\"c78bd6e\" data-element_type=\"widget\" data-widget_type=\"heading.default\">\n\t\t\t\t<div class=\"elementor-widget-container\">\n\t\t\t<h3 class=\"elementor-heading-title elementor-size-default\"><a href=\"https:\/\/jasnezezmiana.pl\/wp-content\/uploads\/2025\/01\/Klauzula-RODO-2025.pdf\">Klauzula RODO (plik pdf - 128 KB)<\/a><\/h3>\t\t<\/div>\n\t\t\t\t<\/div>\n\t\t\t\t\t<\/div>\n\t\t<\/div>\n\t\t\t\t<div class=\"elementor-column elementor-col-50 elementor-top-column elementor-element elementor-element-19f094c\" data-id=\"19f094c\" data-element_type=\"column\">\n\t\t\t<div class=\"elementor-widget-wrap elementor-element-populated\">\n\t\t\t\t\t\t<div class=\"elementor-element elementor-element-f1a64f4 elementor-widget elementor-widget-heading\" data-id=\"f1a64f4\" data-element_type=\"widget\" data-widget_type=\"heading.default\">\n\t\t\t\t<div class=\"elementor-widget-container\">\n\t\t\t<h3 class=\"elementor-heading-title elementor-size-default\"><a href=\"https:\/\/jasnezezmiana.pl\/wp-content\/uploads\/2025\/01\/Karta-Zgloszeniowa.pdf\">Karta Zg\u0142oszena (plik pdf - 194 KB)<\/a><\/h3>\t\t<\/div>\n\t\t\t\t<\/div>\n\t\t\t\t\t<\/div>\n\t\t<\/div>\n\t\t\t\t\t<\/div>\n\t\t<\/section>\n\t\t\t\t<\/div>\n\t\t","protected":false},"excerpt":{"rendered":"<p>Zadanie publiczne \u201eAsystent osobisty osoby z niepe\u0142nosprawno\u015bci\u0105\u201d dlaOrganizacji Pozarz\u0105dowych \u00a0\u2013 edycja 2025 \u00a0 Sp\u00f3\u0142dzielnia Socjalna \u201eJasne, \u017ce zmiana\u201d realizuje zadanie publiczne \u201eAsystent osobisty osoby z niepe\u0142nosprawno\u015bci\u0105\u201d dla Organizacji Pozarz\u0105dowych \u2013 edycja 2025 przy wsparciu Ministerstwa Rodziny, Pracy i Polityki Spo\u0142ecznej. G\u0142\u00f3wnym celem Programu jest wprowadzenie us\u0142ugi asystencji osobistej, jako formy og\u00f3lnodost\u0119pnego wsparcia w wykonywaniu codziennych &hellip; <\/p>\n<p class=\"link-more\"><a href=\"https:\/\/jasnezezmiana.pl\/index.php\/asystent-osobisty-osoby-z-niepelnosprawnoscia-dla-organizacji-pozarzadowych-edycja-2025\/\" class=\"more-link\">Czytaj dalej<span class=\"screen-reader-text\"> \u201eAsystent osobisty osoby z niepe\u0142nosprawno\u015bci\u0105\u201d dla Organizacji Pozarz\u0105dowych \u00a0\u2013 edycja 2025<\/span><\/a><\/p>\n","protected":false},"author":1,"featured_media":0,"parent":0,"menu_order":0,"comment_status":"closed","ping_status":"closed","template":"","meta":{"footnotes":""},"_links":{"self":[{"href":"https:\/\/jasnezezmiana.pl\/index.php\/wp-json\/wp\/v2\/pages\/1028"}],"collection":[{"href":"https:\/\/jasnezezmiana.pl\/index.php\/wp-json\/wp\/v2\/pages"}],"about":[{"href":"https:\/\/jasnezezmiana.pl\/index.php\/wp-json\/wp\/v2\/types\/page"}],"author":[{"embeddable":true,"href":"https:\/\/jasnezezmiana.pl\/index.php\/wp-json\/wp\/v2\/users\/1"}],"replies":[{"embeddable":true,"href":"https:\/\/jasnezezmiana.pl\/index.php\/wp-json\/wp\/v2\/comments?post=1028"}],"version-history":[{"count":10,"href":"https:\/\/jasnezezmiana.pl\/index.php\/wp-json\/wp\/v2\/pages\/1028\/revisions"}],"predecessor-version":[{"id":1084,"href":"https:\/\/jasnezezmiana.pl\/index.php\/wp-json\/wp\/v2\/pages\/1028\/revisions\/1084"}],"wp:attachment":[{"href":"https:\/\/jasnezezmiana.pl\/index.php\/wp-json\/wp\/v2\/media?parent=1028"}],"curies":[{"name":"wp","href":"https:\/\/api.w.org\/{rel}","templated":true}]}}